{"id":5111,"date":"2025-06-17T06:57:05","date_gmt":"2025-06-17T06:57:05","guid":{"rendered":"https:\/\/fenixvital.com\/produkt\/resweratrol-kapsulki-500-mg-60-kapsulek\/"},"modified":"2026-03-24T12:11:54","modified_gmt":"2026-03-24T12:11:54","slug":"resweratrol-kapsulki-500-mg-60-kapsulek","status":"publish","type":"product","link":"http:\/\/fenixvital.com\/de\/produkt\/resweratrol-kapsulki-500-mg-60-kapsulek\/","title":{"rendered":"Resweratrol (kapsu\u0142ki 500 mg) &#8211; 60 kapsu\u0142ek"},"content":{"rendered":"","protected":false},"excerpt":{"rendered":"<p>Ilo\u015b\u0107: 60 kapsu\u0142ek<\/p>","protected":false},"featured_media":5078,"comment_status":"closed","ping_status":"closed","template":"","meta":{"_acf_changed":false,"inline_featured_image":false},"product_brand":[111],"product_cat":[15],"product_tag":[],"class_list":{"0":"post-5111","1":"product","2":"type-product","3":"status-publish","4":"has-post-thumbnail","6":"product_brand-fenix-vital","7":"product_cat-wszystkie-produkty","9":"first","10":"instock","11":"purchasable","12":"product-type-simple"},"acf":[],"yoast_head":"<!-- This site is optimized with the Yoast SEO plugin v26.5 - https:\/\/yoast.com\/wordpress\/plugins\/seo\/ -->\n<title>Resweratrol (kapsu\u0142ki 500 mg) - 60 kapsu\u0142ek - Fenix Vital<\/title>\n<meta name=\"robots\" content=\"noindex, follow, max-snippet:-1, max-image-preview:large, max-video-preview:-1\" \/>\n<meta property=\"og:locale\" content=\"de_DE\" \/>\n<meta property=\"og:type\" content=\"article\" \/>\n<meta property=\"og:title\" content=\"Resweratrol (kapsu\u0142ki 500 mg) - 60 kapsu\u0142ek - Fenix Vital\" \/>\n<meta property=\"og:description\" content=\"Ilo\u015b\u0107: 60 kapsu\u0142ek\" \/>\n<meta property=\"og:url\" content=\"https:\/\/fenixvital.com\/de\/produkt\/resweratrol-kapsulki-500-mg-60-kapsulek\/\" \/>\n<meta property=\"og:site_name\" content=\"Fenix Vital\" \/>\n<meta property=\"article:modified_time\" content=\"2026-03-24T12:11:54+00:00\" \/>\n<meta property=\"og:image\" content=\"https:\/\/fenixvital.com\/wp-content\/uploads\/2025\/06\/NMN-1-scaled-1.jpg\" \/>\n\t<meta property=\"og:image:width\" content=\"2560\" \/>\n\t<meta property=\"og:image:height\" content=\"2560\" \/>\n\t<meta property=\"og:image:type\" content=\"image\/jpeg\" \/>\n<meta name=\"twitter:card\" content=\"summary_large_image\" \/>\n<script type=\"application\/ld+json\" class=\"yoast-schema-graph\">{\"@context\":\"https:\/\/schema.org\",\"@graph\":[{\"@type\":\"WebPage\",\"@id\":\"https:\/\/fenixvital.com\/produkt\/resweratrol-kapsulki-500-mg-60-kapsulek\/\",\"url\":\"https:\/\/fenixvital.com\/produkt\/resweratrol-kapsulki-500-mg-60-kapsulek\/\",\"name\":\"Resweratrol (kapsu\u0142ki 500 mg) - 60 kapsu\u0142ek - Fenix Vital\",\"isPartOf\":{\"@id\":\"https:\/\/fenixvital.com\/#website\"},\"primaryImageOfPage\":{\"@id\":\"https:\/\/fenixvital.com\/produkt\/resweratrol-kapsulki-500-mg-60-kapsulek\/#primaryimage\"},\"image\":{\"@id\":\"https:\/\/fenixvital.com\/produkt\/resweratrol-kapsulki-500-mg-60-kapsulek\/#primaryimage\"},\"thumbnailUrl\":\"https:\/\/fenixvital.com\/wp-content\/uploads\/2025\/06\/NMN-1-scaled-1.jpg\",\"datePublished\":\"2025-06-17T06:57:05+00:00\",\"dateModified\":\"2026-03-24T12:11:54+00:00\",\"breadcrumb\":{\"@id\":\"https:\/\/fenixvital.com\/produkt\/resweratrol-kapsulki-500-mg-60-kapsulek\/#breadcrumb\"},\"inLanguage\":\"de\",\"potentialAction\":[{\"@type\":\"ReadAction\",\"target\":[\"https:\/\/fenixvital.com\/produkt\/resweratrol-kapsulki-500-mg-60-kapsulek\/\"]}]},{\"@type\":\"ImageObject\",\"inLanguage\":\"de\",\"@id\":\"https:\/\/fenixvital.com\/produkt\/resweratrol-kapsulki-500-mg-60-kapsulek\/#primaryimage\",\"url\":\"https:\/\/fenixvital.com\/wp-content\/uploads\/2025\/06\/NMN-1-scaled-1.jpg\",\"contentUrl\":\"https:\/\/fenixvital.com\/wp-content\/uploads\/2025\/06\/NMN-1-scaled-1.jpg\",\"width\":2560,\"height\":2560},{\"@type\":\"BreadcrumbList\",\"@id\":\"https:\/\/fenixvital.com\/produkt\/resweratrol-kapsulki-500-mg-60-kapsulek\/#breadcrumb\",\"itemListElement\":[{\"@type\":\"ListItem\",\"position\":1,\"name\":\"Fenix Vital\",\"item\":\"https:\/\/fenixvital.com\/\"},{\"@type\":\"ListItem\",\"position\":2,\"name\":\"Products\",\"item\":\"http:\/\/fenixvital.com\/en\/shop\/\"},{\"@type\":\"ListItem\",\"position\":3,\"name\":\"Resweratrol (kapsu\u0142ki 500 mg) &#8211; 60 kapsu\u0142ek\"}]},{\"@type\":\"WebSite\",\"@id\":\"https:\/\/fenixvital.com\/#website\",\"url\":\"https:\/\/fenixvital.com\/\",\"name\":\"Fenix Vital\",\"description\":\"Sumplementy dla wymagaj\u0105cych\",\"publisher\":{\"@id\":\"https:\/\/fenixvital.com\/#organization\"},\"potentialAction\":[{\"@type\":\"SearchAction\",\"target\":{\"@type\":\"EntryPoint\",\"urlTemplate\":\"https:\/\/fenixvital.com\/?s={search_term_string}\"},\"query-input\":{\"@type\":\"PropertyValueSpecification\",\"valueRequired\":true,\"valueName\":\"search_term_string\"}}],\"inLanguage\":\"de\"},{\"@type\":\"Organization\",\"@id\":\"https:\/\/fenixvital.com\/#organization\",\"name\":\"Fenix Vital\",\"url\":\"https:\/\/fenixvital.com\/\",\"logo\":{\"@type\":\"ImageObject\",\"inLanguage\":\"de\",\"@id\":\"https:\/\/fenixvital.com\/#\/schema\/logo\/image\/\",\"url\":\"https:\/\/fenixvital.com\/wp-content\/uploads\/2025\/06\/Logo-zlote-1.png\",\"contentUrl\":\"https:\/\/fenixvital.com\/wp-content\/uploads\/2025\/06\/Logo-zlote-1.png\",\"width\":1028,\"height\":547,\"caption\":\"Fenix Vital\"},\"image\":{\"@id\":\"https:\/\/fenixvital.com\/#\/schema\/logo\/image\/\"}}]}<\/script>\n<!-- \/ Yoast SEO plugin. -->","yoast_head_json":{"title":"Resweratrol (kapsu\u0142ki 500 mg) - 60 kapsu\u0142ek - Fenix Vital","robots":{"index":"noindex","follow":"follow","max-snippet":"max-snippet:-1","max-image-preview":"max-image-preview:large","max-video-preview":"max-video-preview:-1"},"og_locale":"de_DE","og_type":"article","og_title":"Resweratrol (kapsu\u0142ki 500 mg) - 60 kapsu\u0142ek - Fenix Vital","og_description":"Ilo\u015b\u0107: 60 kapsu\u0142ek","og_url":"https:\/\/fenixvital.com\/de\/produkt\/resweratrol-kapsulki-500-mg-60-kapsulek\/","og_site_name":"Fenix Vital","article_modified_time":"2026-03-24T12:11:54+00:00","og_image":[{"width":2560,"height":2560,"url":"https:\/\/fenixvital.com\/wp-content\/uploads\/2025\/06\/NMN-1-scaled-1.jpg","type":"image\/jpeg"}],"twitter_card":"summary_large_image","schema":{"@context":"https:\/\/schema.org","@graph":[{"@type":"WebPage","@id":"https:\/\/fenixvital.com\/produkt\/resweratrol-kapsulki-500-mg-60-kapsulek\/","url":"https:\/\/fenixvital.com\/produkt\/resweratrol-kapsulki-500-mg-60-kapsulek\/","name":"Resweratrol (kapsu\u0142ki 500 mg) - 60 kapsu\u0142ek - Fenix Vital","isPartOf":{"@id":"https:\/\/fenixvital.com\/#website"},"primaryImageOfPage":{"@id":"https:\/\/fenixvital.com\/produkt\/resweratrol-kapsulki-500-mg-60-kapsulek\/#primaryimage"},"image":{"@id":"https:\/\/fenixvital.com\/produkt\/resweratrol-kapsulki-500-mg-60-kapsulek\/#primaryimage"},"thumbnailUrl":"https:\/\/fenixvital.com\/wp-content\/uploads\/2025\/06\/NMN-1-scaled-1.jpg","datePublished":"2025-06-17T06:57:05+00:00","dateModified":"2026-03-24T12:11:54+00:00","breadcrumb":{"@id":"https:\/\/fenixvital.com\/produkt\/resweratrol-kapsulki-500-mg-60-kapsulek\/#breadcrumb"},"inLanguage":"de","potentialAction":[{"@type":"ReadAction","target":["https:\/\/fenixvital.com\/produkt\/resweratrol-kapsulki-500-mg-60-kapsulek\/"]}]},{"@type":"ImageObject","inLanguage":"de","@id":"https:\/\/fenixvital.com\/produkt\/resweratrol-kapsulki-500-mg-60-kapsulek\/#primaryimage","url":"https:\/\/fenixvital.com\/wp-content\/uploads\/2025\/06\/NMN-1-scaled-1.jpg","contentUrl":"https:\/\/fenixvital.com\/wp-content\/uploads\/2025\/06\/NMN-1-scaled-1.jpg","width":2560,"height":2560},{"@type":"BreadcrumbList","@id":"https:\/\/fenixvital.com\/produkt\/resweratrol-kapsulki-500-mg-60-kapsulek\/#breadcrumb","itemListElement":[{"@type":"ListItem","position":1,"name":"Fenix Vital","item":"https:\/\/fenixvital.com\/"},{"@type":"ListItem","position":2,"name":"Products","item":"http:\/\/fenixvital.com\/en\/shop\/"},{"@type":"ListItem","position":3,"name":"Resweratrol (kapsu\u0142ki 500 mg) &#8211; 60 kapsu\u0142ek"}]},{"@type":"WebSite","@id":"https:\/\/fenixvital.com\/#website","url":"https:\/\/fenixvital.com\/","name":"Fenix Vital","description":"Sumplementy dla wymagaj\u0105cych","publisher":{"@id":"https:\/\/fenixvital.com\/#organization"},"potentialAction":[{"@type":"SearchAction","target":{"@type":"EntryPoint","urlTemplate":"https:\/\/fenixvital.com\/?s={search_term_string}"},"query-input":{"@type":"PropertyValueSpecification","valueRequired":true,"valueName":"search_term_string"}}],"inLanguage":"de"},{"@type":"Organization","@id":"https:\/\/fenixvital.com\/#organization","name":"Fenix Vital","url":"https:\/\/fenixvital.com\/","logo":{"@type":"ImageObject","inLanguage":"de","@id":"https:\/\/fenixvital.com\/#\/schema\/logo\/image\/","url":"https:\/\/fenixvital.com\/wp-content\/uploads\/2025\/06\/Logo-zlote-1.png","contentUrl":"https:\/\/fenixvital.com\/wp-content\/uploads\/2025\/06\/Logo-zlote-1.png","width":1028,"height":547,"caption":"Fenix Vital"},"image":{"@id":"https:\/\/fenixvital.com\/#\/schema\/logo\/image\/"}}]}},"_links":{"self":[{"href":"http:\/\/fenixvital.com\/de\/wp-json\/wp\/v2\/product\/5111","targetHints":{"allow":["GET"]}}],"collection":[{"href":"http:\/\/fenixvital.com\/de\/wp-json\/wp\/v2\/product"}],"about":[{"href":"http:\/\/fenixvital.com\/de\/wp-json\/wp\/v2\/types\/product"}],"replies":[{"embeddable":true,"href":"http:\/\/fenixvital.com\/de\/wp-json\/wp\/v2\/comments?post=5111"}],"version-history":[{"count":1,"href":"http:\/\/fenixvital.com\/de\/wp-json\/wp\/v2\/product\/5111\/revisions"}],"predecessor-version":[{"id":8547,"href":"http:\/\/fenixvital.com\/de\/wp-json\/wp\/v2\/product\/5111\/revisions\/8547"}],"wp:featuredmedia":[{"embeddable":true,"href":"http:\/\/fenixvital.com\/de\/wp-json\/wp\/v2\/media\/5078"}],"wp:attachment":[{"href":"http:\/\/fenixvital.com\/de\/wp-json\/wp\/v2\/media?parent=5111"}],"wp:term":[{"taxonomy":"product_brand","embeddable":true,"href":"http:\/\/fenixvital.com\/de\/wp-json\/wp\/v2\/product_brand?post=5111"},{"taxonomy":"product_cat","embeddable":true,"href":"http:\/\/fenixvital.com\/de\/wp-json\/wp\/v2\/product_cat?post=5111"},{"taxonomy":"product_tag","embeddable":true,"href":"http:\/\/fenixvital.com\/de\/wp-json\/wp\/v2\/product_tag?post=5111"}],"curies":[{"name":"wp","href":"https:\/\/api.w.org\/{rel}","templated":true}]}}