{"id":740,"date":"2025-06-15T11:18:55","date_gmt":"2025-06-15T11:18:55","guid":{"rendered":"https:\/\/fenixvital.com\/moje-konto\/"},"modified":"2025-06-15T15:16:26","modified_gmt":"2025-06-15T15:16:26","slug":"moje-konto","status":"publish","type":"page","link":"https:\/\/fenixvital.com\/de\/moje-konto\/","title":{"rendered":"Moje konto"},"content":{"rendered":"<div data-elementor-type=\"wp-page\" data-elementor-id=\"740\" class=\"elementor elementor-740\" data-elementor-settings=\"{&quot;ha_cmc_init_switcher&quot;:&quot;no&quot;}\" data-elementor-post-type=\"page\">\n\t\t\t\t<div class=\"elementor-element elementor-element-6b954faf e-flex e-con-boxed e-con e-parent\" data-id=\"6b954faf\" data-element_type=\"container\" data-settings=\"{&quot;_ha_eqh_enable&quot;:false,&quot;jet_parallax_layout_list&quot;:[]}\">\n\t\t\t\t\t<div class=\"e-con-inner\">\n\t\t\t\t<div class=\"elementor-element elementor-element-aeb3086 e-my-account-tabs-vertical elementor-widget elementor-widget-woocommerce-my-account\" data-id=\"aeb3086\" data-element_type=\"widget\" data-widget_type=\"woocommerce-my-account.default\">\n\t\t\t\t<div class=\"elementor-widget-container\">\n\t\t\t\t\t<div class=\"e-my-account-tab e-my-account-tab__\">\t\t\t<div class=\"woocommerce\"><\/div>\t\t<\/div>\n\t\t\t\t\t\t<\/div>\n\t\t\t\t<\/div>\n\t\t\t\t\t<\/div>\n\t\t\t\t<\/div>\n\t\t\t\t<\/div>","protected":false},"excerpt":{"rendered":"<p>Panel klienta Zam\u00f3wienia Do pobrania Adresy Dane konta Wyloguj si\u0119 Witaj hulakula (nie jeste\u015b hulakula? Wyloguj si\u0119) W ustawieniach swojego konta mo\u017cesz przejrze\u0107 swoje ostatnie zam\u00f3wienia, zarz\u0105dza\u0107 adresami p\u0142atno\u015bci i dostawy oraz zmienia\u0107 has\u0142o i szczeg\u00f3\u0142y konta.<\/p>","protected":false},"author":4,"featured_media":0,"parent":0,"menu_order":0,"comment_status":"closed","ping_status":"closed","template":"","meta":{"_acf_changed":false,"inline_featured_image":false,"footnotes":""},"class_list":["post-740","page","type-page","status-publish","hentry"],"acf":[],"yoast_head":"<!-- This site is optimized with the Yoast SEO plugin v26.5 - https:\/\/yoast.com\/wordpress\/plugins\/seo\/ -->\n<title>Moje konto - Fenix Vital<\/title>\n<meta name=\"robots\" content=\"noindex, follow, max-snippet:-1, max-image-preview:large, max-video-preview:-1\" \/>\n<meta property=\"og:locale\" content=\"de_DE\" \/>\n<meta property=\"og:type\" content=\"article\" \/>\n<meta property=\"og:title\" content=\"Moje konto - Fenix Vital\" \/>\n<meta property=\"og:description\" content=\"Panel klienta Zam\u00f3wienia Do pobrania Adresy Dane konta Wyloguj si\u0119 Witaj hulakula (nie jeste\u015b hulakula? Wyloguj si\u0119) W ustawieniach swojego konta mo\u017cesz przejrze\u0107 swoje ostatnie zam\u00f3wienia, zarz\u0105dza\u0107 adresami p\u0142atno\u015bci i dostawy oraz zmienia\u0107 has\u0142o i szczeg\u00f3\u0142y konta.\" \/>\n<meta property=\"og:url\" content=\"https:\/\/fenixvital.com\/de\/moje-konto\/\" \/>\n<meta property=\"og:site_name\" content=\"Fenix Vital\" \/>\n<meta property=\"article:modified_time\" content=\"2025-06-15T15:16:26+00:00\" \/>\n<meta name=\"twitter:card\" content=\"summary_large_image\" \/>\n<meta name=\"twitter:label1\" content=\"Gesch\u00e4tzte Lesezeit\" \/>\n\t<meta name=\"twitter:data1\" content=\"1\u00a0Minute\" \/>\n<script type=\"application\/ld+json\" class=\"yoast-schema-graph\">{\"@context\":\"https:\/\/schema.org\",\"@graph\":[{\"@type\":\"WebPage\",\"@id\":\"https:\/\/fenixvital.com\/moje-konto\/\",\"url\":\"https:\/\/fenixvital.com\/moje-konto\/\",\"name\":\"Moje konto - Fenix Vital\",\"isPartOf\":{\"@id\":\"https:\/\/fenixvital.com\/#website\"},\"datePublished\":\"2025-06-15T11:18:55+00:00\",\"dateModified\":\"2025-06-15T15:16:26+00:00\",\"breadcrumb\":{\"@id\":\"https:\/\/fenixvital.com\/moje-konto\/#breadcrumb\"},\"inLanguage\":\"de\",\"potentialAction\":[{\"@type\":\"ReadAction\",\"target\":[\"https:\/\/fenixvital.com\/moje-konto\/\"]}]},{\"@type\":\"BreadcrumbList\",\"@id\":\"https:\/\/fenixvital.com\/moje-konto\/#breadcrumb\",\"itemListElement\":[{\"@type\":\"ListItem\",\"position\":1,\"name\":\"Fenix Vital\",\"item\":\"https:\/\/fenixvital.com\/\"},{\"@type\":\"ListItem\",\"position\":2,\"name\":\"Moje konto\"}]},{\"@type\":\"WebSite\",\"@id\":\"https:\/\/fenixvital.com\/#website\",\"url\":\"https:\/\/fenixvital.com\/\",\"name\":\"Fenix Vital\",\"description\":\"Sumplementy dla wymagaj\u0105cych\",\"publisher\":{\"@id\":\"https:\/\/fenixvital.com\/#organization\"},\"potentialAction\":[{\"@type\":\"SearchAction\",\"target\":{\"@type\":\"EntryPoint\",\"urlTemplate\":\"https:\/\/fenixvital.com\/?s={search_term_string}\"},\"query-input\":{\"@type\":\"PropertyValueSpecification\",\"valueRequired\":true,\"valueName\":\"search_term_string\"}}],\"inLanguage\":\"de\"},{\"@type\":\"Organization\",\"@id\":\"https:\/\/fenixvital.com\/#organization\",\"name\":\"Fenix Vital\",\"url\":\"https:\/\/fenixvital.com\/\",\"logo\":{\"@type\":\"ImageObject\",\"inLanguage\":\"de\",\"@id\":\"https:\/\/fenixvital.com\/#\/schema\/logo\/image\/\",\"url\":\"https:\/\/fenixvital.com\/wp-content\/uploads\/2025\/06\/Logo-zlote-1.png\",\"contentUrl\":\"https:\/\/fenixvital.com\/wp-content\/uploads\/2025\/06\/Logo-zlote-1.png\",\"width\":1028,\"height\":547,\"caption\":\"Fenix Vital\"},\"image\":{\"@id\":\"https:\/\/fenixvital.com\/#\/schema\/logo\/image\/\"}}]}<\/script>\n<!-- \/ Yoast SEO plugin. -->","yoast_head_json":{"title":"Moje konto - Fenix Vital","robots":{"index":"noindex","follow":"follow","max-snippet":"max-snippet:-1","max-image-preview":"max-image-preview:large","max-video-preview":"max-video-preview:-1"},"og_locale":"de_DE","og_type":"article","og_title":"Moje konto - Fenix Vital","og_description":"Panel klienta Zam\u00f3wienia Do pobrania Adresy Dane konta Wyloguj si\u0119 Witaj hulakula (nie jeste\u015b hulakula? Wyloguj si\u0119) W ustawieniach swojego konta mo\u017cesz przejrze\u0107 swoje ostatnie zam\u00f3wienia, zarz\u0105dza\u0107 adresami p\u0142atno\u015bci i dostawy oraz zmienia\u0107 has\u0142o i szczeg\u00f3\u0142y konta.","og_url":"https:\/\/fenixvital.com\/de\/moje-konto\/","og_site_name":"Fenix Vital","article_modified_time":"2025-06-15T15:16:26+00:00","twitter_card":"summary_large_image","twitter_misc":{"Gesch\u00e4tzte Lesezeit":"1\u00a0Minute"},"schema":{"@context":"https:\/\/schema.org","@graph":[{"@type":"WebPage","@id":"https:\/\/fenixvital.com\/moje-konto\/","url":"https:\/\/fenixvital.com\/moje-konto\/","name":"Moje konto - Fenix Vital","isPartOf":{"@id":"https:\/\/fenixvital.com\/#website"},"datePublished":"2025-06-15T11:18:55+00:00","dateModified":"2025-06-15T15:16:26+00:00","breadcrumb":{"@id":"https:\/\/fenixvital.com\/moje-konto\/#breadcrumb"},"inLanguage":"de","potentialAction":[{"@type":"ReadAction","target":["https:\/\/fenixvital.com\/moje-konto\/"]}]},{"@type":"BreadcrumbList","@id":"https:\/\/fenixvital.com\/moje-konto\/#breadcrumb","itemListElement":[{"@type":"ListItem","position":1,"name":"Fenix Vital","item":"https:\/\/fenixvital.com\/"},{"@type":"ListItem","position":2,"name":"Moje konto"}]},{"@type":"WebSite","@id":"https:\/\/fenixvital.com\/#website","url":"https:\/\/fenixvital.com\/","name":"Fenix Vital","description":"Sumplementy dla wymagaj\u0105cych","publisher":{"@id":"https:\/\/fenixvital.com\/#organization"},"potentialAction":[{"@type":"SearchAction","target":{"@type":"EntryPoint","urlTemplate":"https:\/\/fenixvital.com\/?s={search_term_string}"},"query-input":{"@type":"PropertyValueSpecification","valueRequired":true,"valueName":"search_term_string"}}],"inLanguage":"de"},{"@type":"Organization","@id":"https:\/\/fenixvital.com\/#organization","name":"Fenix Vital","url":"https:\/\/fenixvital.com\/","logo":{"@type":"ImageObject","inLanguage":"de","@id":"https:\/\/fenixvital.com\/#\/schema\/logo\/image\/","url":"https:\/\/fenixvital.com\/wp-content\/uploads\/2025\/06\/Logo-zlote-1.png","contentUrl":"https:\/\/fenixvital.com\/wp-content\/uploads\/2025\/06\/Logo-zlote-1.png","width":1028,"height":547,"caption":"Fenix Vital"},"image":{"@id":"https:\/\/fenixvital.com\/#\/schema\/logo\/image\/"}}]}},"_links":{"self":[{"href":"https:\/\/fenixvital.com\/de\/wp-json\/wp\/v2\/pages\/740","targetHints":{"allow":["GET"]}}],"collection":[{"href":"https:\/\/fenixvital.com\/de\/wp-json\/wp\/v2\/pages"}],"about":[{"href":"https:\/\/fenixvital.com\/de\/wp-json\/wp\/v2\/types\/page"}],"author":[{"embeddable":true,"href":"https:\/\/fenixvital.com\/de\/wp-json\/wp\/v2\/users\/4"}],"replies":[{"embeddable":true,"href":"https:\/\/fenixvital.com\/de\/wp-json\/wp\/v2\/comments?post=740"}],"version-history":[{"count":16,"href":"https:\/\/fenixvital.com\/de\/wp-json\/wp\/v2\/pages\/740\/revisions"}],"predecessor-version":[{"id":7308,"href":"https:\/\/fenixvital.com\/de\/wp-json\/wp\/v2\/pages\/740\/revisions\/7308"}],"wp:attachment":[{"href":"https:\/\/fenixvital.com\/de\/wp-json\/wp\/v2\/media?parent=740"}],"curies":[{"name":"wp","href":"https:\/\/api.w.org\/{rel}","templated":true}]}}