{"id":779,"date":"2025-06-15T11:51:45","date_gmt":"2025-06-15T11:51:45","guid":{"rendered":"https:\/\/fenixvital.com\/?page_id=779"},"modified":"2026-03-11T14:08:54","modified_gmt":"2026-03-11T14:08:54","slug":"zwroty-i-reklamacje","status":"publish","type":"page","link":"https:\/\/fenixvital.com\/de\/zwroty-i-reklamacje\/","title":{"rendered":"Zwroty i reklamacje"},"content":{"rendered":"<div data-elementor-type=\"wp-page\" data-elementor-id=\"779\" class=\"elementor elementor-779\" data-elementor-settings=\"{&quot;ha_cmc_init_switcher&quot;:&quot;no&quot;}\" data-elementor-post-type=\"page\">\n\t\t\t\t<div class=\"elementor-element elementor-element-2f77c666 e-flex e-con-boxed e-con e-parent\" data-id=\"2f77c666\" data-element_type=\"container\" data-settings=\"{&quot;jet_parallax_layout_list&quot;:[],&quot;_ha_eqh_enable&quot;:false}\">\n\t\t\t\t\t<div class=\"e-con-inner\">\n\t\t\t\t<div class=\"elementor-element elementor-element-2480e05e elementor-widget elementor-widget-text-editor\" data-id=\"2480e05e\" data-element_type=\"widget\" data-widget_type=\"text-editor.default\">\n\t\t\t\t<div class=\"elementor-widget-container\">\n\t\t\t\t\t\t\t\t\t\n<h3 class=\"wp-block-heading\"><strong>Zwroty i reklamacje<\/strong><\/h3>\n\n<h4 class=\"wp-block-heading\">Zwroty \u2013 odst\u0105pienie od umowy<\/h4>\n\n<ol class=\"wp-block-list\">\n<li>Zgodnie z ustaw\u0105 z dnia 30 maja 2014 r. o prawach konsumenta, Klient b\u0119d\u0105cy konsumentem ma prawo odst\u0105pi\u0107 od umowy zawartej na odleg\u0142o\u015b\u0107 bez podania przyczyny w terminie\u00a0<strong>14 dni<\/strong>\u00a0od dnia otrzymania zam\u00f3wienia.<\/li>\n\n<li>Aby skorzysta\u0107 z prawa odst\u0105pienia od umowy, nale\u017cy przes\u0142a\u0107 nam jednoznaczne o\u015bwiadczenie (np. drog\u0105 elektroniczn\u0105 na adres:\u00a0<a>biuro@fenixvital.com<\/a>\u00a0lub listownie na adres siedziby firmy).<\/li>\n\n<li>Wz\u00f3r formularza odst\u0105pienia od umowy mo\u017cna pobra\u0107 tutaj: []<\/li>\n\n<li>Klient powinien odes\u0142a\u0107 zwracany produkt niezw\u0142ocznie, nie p\u00f3\u017aniej ni\u017c w ci\u0105gu 14 dni od dnia, w kt\u00f3rym poinformowa\u0142 nas o decyzji odst\u0105pienia od umowy. Adres do zwrotu: <br \/><b>ZENMARO INVEST GROUP S.L<\/b><br \/>CALLE VARSOVIA 27\u00a0<br \/>03530\u00a0 LA NUCIA\u00a0<br \/><em>Z dopiskiem: \u201eZWROT\u201d<\/em><\/li>\n\n<li>Zwrot p\u0142atno\u015bci (w tym koszt\u00f3w najta\u0144szej oferowanej przesy\u0142ki) nast\u0105pi nie p\u00f3\u017aniej ni\u017c w ci\u0105gu 14 dni od dnia otrzymania o\u015bwiadczenia o odst\u0105pieniu. Mo\u017cemy wstrzyma\u0107 si\u0119 ze zwrotem p\u0142atno\u015bci do momentu otrzymania towaru lub dowodu jego odes\u0142ania.<\/li>\n\n<li>Koszty zwrotu produktu ponosi Klient.<\/li>\n\n<li>Produkt zwracany nie mo\u017ce nosi\u0107 \u015blad\u00f3w u\u017cytkowania \u2013 powinien by\u0107 w stanie nienaruszonym, w oryginalnym opakowaniu, nadaj\u0105cym si\u0119 do dalszej sprzeda\u017cy.<\/li>\n<\/ol>\n\n<h4 class=\"wp-block-heading\">Reklamacje \u2013 towar niezgodny z umow\u0105<\/h4>\n\n<ol class=\"wp-block-list\">\n<li>W przypadku, gdy zakupiony towar oka\u017ce si\u0119 wadliwy lub niezgodny z umow\u0105, Klient ma prawo z\u0142o\u017cy\u0107 reklamacj\u0119 na podstawie przepis\u00f3w Kodeksu cywilnego oraz ustawy o prawach konsumenta.<\/li>\n\n<li>Reklamacje mo\u017cna sk\u0142ada\u0107 pisemnie lub mailowo, przesy\u0142aj\u0105c:\n<ul>\n<li>imi\u0119 i nazwisko,<\/li>\n<li>numer zam\u00f3wienia,<\/li>\n<li>opis wady produktu,<\/li>\n<li>preferowany spos\u00f3b rozpatrzenia reklamacji (np. wymiana, naprawa, zwrot pieni\u0119dzy),<\/li>\n<li>zdj\u0119cia potwierdzaj\u0105ce wad\u0119 (je\u015bli to mo\u017cliwe).<\/li>\n<\/ul>\nReklamacje nale\u017cy wysy\u0142a\u0107 na adres:\u00a0<strong><a>biuro@fenixvital.com<\/a><\/strong><\/li>\n\n<li>W przypadku konieczno\u015bci odes\u0142ania reklamowanego produktu, prosimy o wcze\u015bniejszy kontakt. Po uzgodnieniu, produkt nale\u017cy wys\u0142a\u0107 na adres:<br \/><b>ZENMARO INVEST GROUP <\/b>CALLE VARSOVIA 27 03530 LA NUCIA\u00a0<br \/><br \/><em>Z dopiskiem: \u201eREKLAMACJA\u201d<\/em><\/li>\n\n<li>Reklamacje rozpatrujemy w terminie\u00a0<strong>do 14 dni kalendarzowych<\/strong>\u00a0od dnia ich otrzymania.<\/li>\n\n<li>Je\u015bli reklamacja zostanie uznana, produkt zostanie naprawiony, wymieniony lub nast\u0105pi zwrot koszt\u00f3w \u2013 zgodnie z \u017cyczeniem Klienta.<\/li>\n<\/ol>\n\n<h4 class=\"wp-block-heading\">Produkty wy\u0142\u0105czone z mo\u017cliwo\u015bci zwrotu<\/h4>\n\n<p>Zgodnie z ustaw\u0105 o prawach konsumenta, prawo do odst\u0105pienia od umowy nie przys\u0142uguje w przypadku:<\/p>\n\n<ul class=\"wp-block-list\">\n<li>produkt\u00f3w dostarczanych w zapiecz\u0119towanym opakowaniu, kt\u00f3re po otwarciu nie mog\u0105 zosta\u0107 zwr\u00f3cone ze wzgl\u0119du na ochron\u0119 zdrowia lub ze wzgl\u0119d\u00f3w higienicznych (np. suplementy diety, preparaty do stosowania doustnego),<\/li>\n\n<li>towar\u00f3w przygotowanych na indywidualne zam\u00f3wienie.<\/li>\n<\/ul>\n\n<p>W razie jakichkolwiek pyta\u0144 dotycz\u0105cych zwrot\u00f3w lub reklamacji, prosimy o kontakt:<br \/>\ud83d\udce7\u00a0<a>biuro@fenixvital.com<\/a><\/p>\n\t\t\t\t\t\t\t\t<\/div>\n\t\t\t\t<\/div>\n\t\t\t\t\t<\/div>\n\t\t\t\t<\/div>\n\t\t\t\t<\/div>","protected":false},"excerpt":{"rendered":"<p>Zwroty i reklamacje Zwroty \u2013 odst\u0105pienie od umowy Reklamacje \u2013 towar niezgodny z umow\u0105 Produkty wy\u0142\u0105czone z mo\u017cliwo\u015bci zwrotu Zgodnie z ustaw\u0105 o prawach konsumenta, prawo do odst\u0105pienia od umowy nie przys\u0142uguje w przypadku: W razie jakichkolwiek pyta\u0144 dotycz\u0105cych zwrot\u00f3w lub reklamacji, prosimy o kontakt:\ud83d\udce7\u00a0biuro@fenixvital.com<\/p>","protected":false},"author":4,"featured_media":0,"parent":0,"menu_order":0,"comment_status":"closed","ping_status":"closed","template":"","meta":{"_acf_changed":false,"inline_featured_image":false,"footnotes":""},"class_list":["post-779","page","type-page","status-publish","hentry"],"acf":[],"yoast_head":"<!-- This site is optimized with the Yoast SEO plugin v26.5 - https:\/\/yoast.com\/wordpress\/plugins\/seo\/ -->\n<title>Zwroty i reklamacje - Fenix Vital<\/title>\n<meta name=\"robots\" content=\"noindex, follow, max-snippet:-1, max-image-preview:large, max-video-preview:-1\" \/>\n<meta property=\"og:locale\" content=\"de_DE\" \/>\n<meta property=\"og:type\" content=\"article\" \/>\n<meta property=\"og:title\" content=\"Zwroty i reklamacje - Fenix Vital\" \/>\n<meta property=\"og:description\" content=\"Zwroty i reklamacje Zwroty \u2013 odst\u0105pienie od umowy Reklamacje \u2013 towar niezgodny z umow\u0105 Produkty wy\u0142\u0105czone z mo\u017cliwo\u015bci zwrotu Zgodnie z ustaw\u0105 o prawach konsumenta, prawo do odst\u0105pienia od umowy nie przys\u0142uguje w przypadku: W razie jakichkolwiek pyta\u0144 dotycz\u0105cych zwrot\u00f3w lub reklamacji, prosimy o kontakt:\ud83d\udce7\u00a0biuro@fenixvital.com\" \/>\n<meta property=\"og:url\" content=\"https:\/\/fenixvital.com\/de\/zwroty-i-reklamacje\/\" \/>\n<meta property=\"og:site_name\" content=\"Fenix Vital\" \/>\n<meta property=\"article:modified_time\" content=\"2026-03-11T14:08:54+00:00\" \/>\n<meta name=\"twitter:card\" content=\"summary_large_image\" \/>\n<meta name=\"twitter:label1\" content=\"Gesch\u00e4tzte Lesezeit\" \/>\n\t<meta name=\"twitter:data1\" content=\"3\u00a0Minuten\" \/>\n<script type=\"application\/ld+json\" class=\"yoast-schema-graph\">{\"@context\":\"https:\/\/schema.org\",\"@graph\":[{\"@type\":\"WebPage\",\"@id\":\"https:\/\/fenixvital.com\/zwroty-i-reklamacje\/\",\"url\":\"https:\/\/fenixvital.com\/zwroty-i-reklamacje\/\",\"name\":\"Zwroty i reklamacje - Fenix Vital\",\"isPartOf\":{\"@id\":\"https:\/\/fenixvital.com\/#website\"},\"datePublished\":\"2025-06-15T11:51:45+00:00\",\"dateModified\":\"2026-03-11T14:08:54+00:00\",\"breadcrumb\":{\"@id\":\"https:\/\/fenixvital.com\/zwroty-i-reklamacje\/#breadcrumb\"},\"inLanguage\":\"de\",\"potentialAction\":[{\"@type\":\"ReadAction\",\"target\":[\"https:\/\/fenixvital.com\/zwroty-i-reklamacje\/\"]}]},{\"@type\":\"BreadcrumbList\",\"@id\":\"https:\/\/fenixvital.com\/zwroty-i-reklamacje\/#breadcrumb\",\"itemListElement\":[{\"@type\":\"ListItem\",\"position\":1,\"name\":\"Fenix Vital\",\"item\":\"https:\/\/fenixvital.com\/\"},{\"@type\":\"ListItem\",\"position\":2,\"name\":\"Zwroty i reklamacje\"}]},{\"@type\":\"WebSite\",\"@id\":\"https:\/\/fenixvital.com\/#website\",\"url\":\"https:\/\/fenixvital.com\/\",\"name\":\"Fenix Vital\",\"description\":\"Sumplementy dla wymagaj\u0105cych\",\"publisher\":{\"@id\":\"https:\/\/fenixvital.com\/#organization\"},\"potentialAction\":[{\"@type\":\"SearchAction\",\"target\":{\"@type\":\"EntryPoint\",\"urlTemplate\":\"https:\/\/fenixvital.com\/?s={search_term_string}\"},\"query-input\":{\"@type\":\"PropertyValueSpecification\",\"valueRequired\":true,\"valueName\":\"search_term_string\"}}],\"inLanguage\":\"de\"},{\"@type\":\"Organization\",\"@id\":\"https:\/\/fenixvital.com\/#organization\",\"name\":\"Fenix Vital\",\"url\":\"https:\/\/fenixvital.com\/\",\"logo\":{\"@type\":\"ImageObject\",\"inLanguage\":\"de\",\"@id\":\"https:\/\/fenixvital.com\/#\/schema\/logo\/image\/\",\"url\":\"https:\/\/fenixvital.com\/wp-content\/uploads\/2025\/06\/Logo-zlote-1.png\",\"contentUrl\":\"https:\/\/fenixvital.com\/wp-content\/uploads\/2025\/06\/Logo-zlote-1.png\",\"width\":1028,\"height\":547,\"caption\":\"Fenix Vital\"},\"image\":{\"@id\":\"https:\/\/fenixvital.com\/#\/schema\/logo\/image\/\"}}]}<\/script>\n<!-- \/ Yoast SEO plugin. -->","yoast_head_json":{"title":"Zwroty i reklamacje - Fenix Vital","robots":{"index":"noindex","follow":"follow","max-snippet":"max-snippet:-1","max-image-preview":"max-image-preview:large","max-video-preview":"max-video-preview:-1"},"og_locale":"de_DE","og_type":"article","og_title":"Zwroty i reklamacje - Fenix Vital","og_description":"Zwroty i reklamacje Zwroty \u2013 odst\u0105pienie od umowy Reklamacje \u2013 towar niezgodny z umow\u0105 Produkty wy\u0142\u0105czone z mo\u017cliwo\u015bci zwrotu Zgodnie z ustaw\u0105 o prawach konsumenta, prawo do odst\u0105pienia od umowy nie przys\u0142uguje w przypadku: W razie jakichkolwiek pyta\u0144 dotycz\u0105cych zwrot\u00f3w lub reklamacji, prosimy o kontakt:\ud83d\udce7\u00a0biuro@fenixvital.com","og_url":"https:\/\/fenixvital.com\/de\/zwroty-i-reklamacje\/","og_site_name":"Fenix Vital","article_modified_time":"2026-03-11T14:08:54+00:00","twitter_card":"summary_large_image","twitter_misc":{"Gesch\u00e4tzte Lesezeit":"3\u00a0Minuten"},"schema":{"@context":"https:\/\/schema.org","@graph":[{"@type":"WebPage","@id":"https:\/\/fenixvital.com\/zwroty-i-reklamacje\/","url":"https:\/\/fenixvital.com\/zwroty-i-reklamacje\/","name":"Zwroty i reklamacje - Fenix Vital","isPartOf":{"@id":"https:\/\/fenixvital.com\/#website"},"datePublished":"2025-06-15T11:51:45+00:00","dateModified":"2026-03-11T14:08:54+00:00","breadcrumb":{"@id":"https:\/\/fenixvital.com\/zwroty-i-reklamacje\/#breadcrumb"},"inLanguage":"de","potentialAction":[{"@type":"ReadAction","target":["https:\/\/fenixvital.com\/zwroty-i-reklamacje\/"]}]},{"@type":"BreadcrumbList","@id":"https:\/\/fenixvital.com\/zwroty-i-reklamacje\/#breadcrumb","itemListElement":[{"@type":"ListItem","position":1,"name":"Fenix Vital","item":"https:\/\/fenixvital.com\/"},{"@type":"ListItem","position":2,"name":"Zwroty i reklamacje"}]},{"@type":"WebSite","@id":"https:\/\/fenixvital.com\/#website","url":"https:\/\/fenixvital.com\/","name":"Fenix Vital","description":"Sumplementy dla wymagaj\u0105cych","publisher":{"@id":"https:\/\/fenixvital.com\/#organization"},"potentialAction":[{"@type":"SearchAction","target":{"@type":"EntryPoint","urlTemplate":"https:\/\/fenixvital.com\/?s={search_term_string}"},"query-input":{"@type":"PropertyValueSpecification","valueRequired":true,"valueName":"search_term_string"}}],"inLanguage":"de"},{"@type":"Organization","@id":"https:\/\/fenixvital.com\/#organization","name":"Fenix Vital","url":"https:\/\/fenixvital.com\/","logo":{"@type":"ImageObject","inLanguage":"de","@id":"https:\/\/fenixvital.com\/#\/schema\/logo\/image\/","url":"https:\/\/fenixvital.com\/wp-content\/uploads\/2025\/06\/Logo-zlote-1.png","contentUrl":"https:\/\/fenixvital.com\/wp-content\/uploads\/2025\/06\/Logo-zlote-1.png","width":1028,"height":547,"caption":"Fenix Vital"},"image":{"@id":"https:\/\/fenixvital.com\/#\/schema\/logo\/image\/"}}]}},"_links":{"self":[{"href":"https:\/\/fenixvital.com\/de\/wp-json\/wp\/v2\/pages\/779","targetHints":{"allow":["GET"]}}],"collection":[{"href":"https:\/\/fenixvital.com\/de\/wp-json\/wp\/v2\/pages"}],"about":[{"href":"https:\/\/fenixvital.com\/de\/wp-json\/wp\/v2\/types\/page"}],"author":[{"embeddable":true,"href":"https:\/\/fenixvital.com\/de\/wp-json\/wp\/v2\/users\/4"}],"replies":[{"embeddable":true,"href":"https:\/\/fenixvital.com\/de\/wp-json\/wp\/v2\/comments?post=779"}],"version-history":[{"count":8,"href":"https:\/\/fenixvital.com\/de\/wp-json\/wp\/v2\/pages\/779\/revisions"}],"predecessor-version":[{"id":8639,"href":"https:\/\/fenixvital.com\/de\/wp-json\/wp\/v2\/pages\/779\/revisions\/8639"}],"wp:attachment":[{"href":"https:\/\/fenixvital.com\/de\/wp-json\/wp\/v2\/media?parent=779"}],"curies":[{"name":"wp","href":"https:\/\/api.w.org\/{rel}","templated":true}]}}