{"id":782,"date":"2025-06-15T11:52:58","date_gmt":"2025-06-15T11:52:58","guid":{"rendered":"https:\/\/fenixvital.com\/?page_id=782"},"modified":"2026-02-27T13:46:09","modified_gmt":"2026-02-27T13:46:09","slug":"platnosci","status":"publish","type":"page","link":"https:\/\/fenixvital.com\/de\/platnosci\/","title":{"rendered":"P\u0142atno\u015bci"},"content":{"rendered":"<div data-elementor-type=\"wp-page\" data-elementor-id=\"782\" class=\"elementor elementor-782\" data-elementor-settings=\"{&quot;ha_cmc_init_switcher&quot;:&quot;no&quot;}\" data-elementor-post-type=\"page\">\n\t\t\t\t<div class=\"elementor-element elementor-element-7582d783 e-flex e-con-boxed e-con e-parent\" data-id=\"7582d783\" data-element_type=\"container\" data-settings=\"{&quot;jet_parallax_layout_list&quot;:[],&quot;_ha_eqh_enable&quot;:false}\">\n\t\t\t\t\t<div class=\"e-con-inner\">\n\t\t\t\t<div class=\"elementor-element elementor-element-7a817de5 elementor-widget elementor-widget-text-editor\" data-id=\"7a817de5\" data-element_type=\"widget\" data-widget_type=\"text-editor.default\">\n\t\t\t\t<div class=\"elementor-widget-container\">\n\t\t\t\t\t\t\t\t\t\n<h3 class=\"wp-block-heading\"><strong>P\u0142atno\u015bci<\/strong><\/h3>\n\n<h4 class=\"wp-block-heading\">Dost\u0119pne metody p\u0142atno\u015bci<\/h4>\n\n<p>W sklepie internetowym FenixVital.com oferujemy bezpieczne i wygodne metody p\u0142atno\u015bci:<\/p>\n\n<ol class=\"wp-block-list\">\n<li><strong>P\u0142atno\u015b\u0107 elektroniczna (szybki przelew online)<\/strong><br \/>Obs\u0142ugiwana przez zaufanego operatora p\u0142atno\u015bci \u2013 umo\u017cliwia szybkie i bezpieczne dokonanie zap\u0142aty przez bankowo\u015b\u0107 internetow\u0105, (przelew natychmiastowy, BLIK).<\/li>\n\n<li><strong>P\u0142atno\u015b\u0107 kart\u0105 (Visa, Mastercard)<\/strong><br \/>P\u0142atno\u015b\u0107 kartami debetowymi i kredytowymi za po\u015brednictwem zabezpieczonego systemu transakcyjnego.<\/li>\n\n<li><strong>P\u0142atno\u015b\u0107 przy odbiorze (pobranie)<\/strong><br \/>Ta forma p\u0142atno\u015bci mo\u017ce by\u0107 dost\u0119pna wy\u0142\u0105cznie na terenie Polski. Op\u0142ata dokonywana jest got\u00f3wk\u0105 lub kart\u0105 przy odbiorze paczki od kuriera (je\u015bli opcja aktywna).<\/li>\n<\/ol>\n\n<h4 class=\"wp-block-heading\">Bezpiecze\u0144stwo transakcji<\/h4>\n\n<ol class=\"wp-block-list\">\n<li>Wszystkie p\u0142atno\u015bci online s\u0105 szyfrowane i zabezpieczone protoko\u0142em SSL.<\/li>\n\n<li>Sklep nie przetwarza i nie przechowuje danych kart p\u0142atniczych \u2013 ca\u0142o\u015b\u0107 obs\u0142ugiwana jest przez certyfikowanego operatora p\u0142atno\u015bci.<\/li>\n<\/ol>\n\n<h4 class=\"wp-block-heading\">Potwierdzenie p\u0142atno\u015bci<\/h4>\n\n<p>Po dokonaniu p\u0142atno\u015bci Klient otrzyma automatyczne potwierdzenie e-mailowe. W przypadku p\u0142atno\u015bci tradycyjnym przelewem, zaksi\u0119gowanie mo\u017ce zaj\u0105\u0107 od 1 do 2 dni roboczych.<\/p>\n\t\t\t\t\t\t\t\t<\/div>\n\t\t\t\t<\/div>\n\t\t\t\t\t<\/div>\n\t\t\t\t<\/div>\n\t\t\t\t<\/div>","protected":false},"excerpt":{"rendered":"<p>P\u0142atno\u015bci Dost\u0119pne metody p\u0142atno\u015bci W sklepie internetowym FenixVital.com oferujemy bezpieczne i wygodne metody p\u0142atno\u015bci: Bezpiecze\u0144stwo transakcji Potwierdzenie p\u0142atno\u015bci Po dokonaniu p\u0142atno\u015bci Klient otrzyma automatyczne potwierdzenie e-mailowe. W przypadku p\u0142atno\u015bci tradycyjnym przelewem, zaksi\u0119gowanie mo\u017ce zaj\u0105\u0107 od 1 do 2 dni roboczych.<\/p>","protected":false},"author":4,"featured_media":0,"parent":0,"menu_order":0,"comment_status":"closed","ping_status":"closed","template":"","meta":{"_acf_changed":false,"inline_featured_image":false,"footnotes":""},"class_list":["post-782","page","type-page","status-publish","hentry"],"acf":[],"yoast_head":"<!-- This site is optimized with the Yoast SEO plugin v26.5 - https:\/\/yoast.com\/wordpress\/plugins\/seo\/ -->\n<title>P\u0142atno\u015bci - Fenix Vital<\/title>\n<meta name=\"robots\" content=\"noindex, follow, max-snippet:-1, max-image-preview:large, max-video-preview:-1\" \/>\n<meta property=\"og:locale\" content=\"de_DE\" \/>\n<meta property=\"og:type\" content=\"article\" \/>\n<meta property=\"og:title\" content=\"P\u0142atno\u015bci - Fenix Vital\" \/>\n<meta property=\"og:description\" content=\"P\u0142atno\u015bci Dost\u0119pne metody p\u0142atno\u015bci W sklepie internetowym FenixVital.com oferujemy bezpieczne i wygodne metody p\u0142atno\u015bci: Bezpiecze\u0144stwo transakcji Potwierdzenie p\u0142atno\u015bci Po dokonaniu p\u0142atno\u015bci Klient otrzyma automatyczne potwierdzenie e-mailowe. W przypadku p\u0142atno\u015bci tradycyjnym przelewem, zaksi\u0119gowanie mo\u017ce zaj\u0105\u0107 od 1 do 2 dni roboczych.\" \/>\n<meta property=\"og:url\" content=\"https:\/\/fenixvital.com\/de\/platnosci\/\" \/>\n<meta property=\"og:site_name\" content=\"Fenix Vital\" \/>\n<meta property=\"article:modified_time\" content=\"2026-02-27T13:46:09+00:00\" \/>\n<meta name=\"twitter:card\" content=\"summary_large_image\" \/>\n<meta name=\"twitter:label1\" content=\"Gesch\u00e4tzte Lesezeit\" \/>\n\t<meta name=\"twitter:data1\" content=\"1\u00a0Minute\" \/>\n<script type=\"application\/ld+json\" class=\"yoast-schema-graph\">{\"@context\":\"https:\/\/schema.org\",\"@graph\":[{\"@type\":\"WebPage\",\"@id\":\"https:\/\/fenixvital.com\/platnosci\/\",\"url\":\"https:\/\/fenixvital.com\/platnosci\/\",\"name\":\"P\u0142atno\u015bci - Fenix Vital\",\"isPartOf\":{\"@id\":\"https:\/\/fenixvital.com\/#website\"},\"datePublished\":\"2025-06-15T11:52:58+00:00\",\"dateModified\":\"2026-02-27T13:46:09+00:00\",\"breadcrumb\":{\"@id\":\"https:\/\/fenixvital.com\/platnosci\/#breadcrumb\"},\"inLanguage\":\"de\",\"potentialAction\":[{\"@type\":\"ReadAction\",\"target\":[\"https:\/\/fenixvital.com\/platnosci\/\"]}]},{\"@type\":\"BreadcrumbList\",\"@id\":\"https:\/\/fenixvital.com\/platnosci\/#breadcrumb\",\"itemListElement\":[{\"@type\":\"ListItem\",\"position\":1,\"name\":\"Fenix Vital\",\"item\":\"https:\/\/fenixvital.com\/\"},{\"@type\":\"ListItem\",\"position\":2,\"name\":\"P\u0142atno\u015bci\"}]},{\"@type\":\"WebSite\",\"@id\":\"https:\/\/fenixvital.com\/#website\",\"url\":\"https:\/\/fenixvital.com\/\",\"name\":\"Fenix Vital\",\"description\":\"Sumplementy dla wymagaj\u0105cych\",\"publisher\":{\"@id\":\"https:\/\/fenixvital.com\/#organization\"},\"potentialAction\":[{\"@type\":\"SearchAction\",\"target\":{\"@type\":\"EntryPoint\",\"urlTemplate\":\"https:\/\/fenixvital.com\/?s={search_term_string}\"},\"query-input\":{\"@type\":\"PropertyValueSpecification\",\"valueRequired\":true,\"valueName\":\"search_term_string\"}}],\"inLanguage\":\"de\"},{\"@type\":\"Organization\",\"@id\":\"https:\/\/fenixvital.com\/#organization\",\"name\":\"Fenix Vital\",\"url\":\"https:\/\/fenixvital.com\/\",\"logo\":{\"@type\":\"ImageObject\",\"inLanguage\":\"de\",\"@id\":\"https:\/\/fenixvital.com\/#\/schema\/logo\/image\/\",\"url\":\"https:\/\/fenixvital.com\/wp-content\/uploads\/2025\/06\/Logo-zlote-1.png\",\"contentUrl\":\"https:\/\/fenixvital.com\/wp-content\/uploads\/2025\/06\/Logo-zlote-1.png\",\"width\":1028,\"height\":547,\"caption\":\"Fenix Vital\"},\"image\":{\"@id\":\"https:\/\/fenixvital.com\/#\/schema\/logo\/image\/\"}}]}<\/script>\n<!-- \/ Yoast SEO plugin. -->","yoast_head_json":{"title":"P\u0142atno\u015bci - Fenix Vital","robots":{"index":"noindex","follow":"follow","max-snippet":"max-snippet:-1","max-image-preview":"max-image-preview:large","max-video-preview":"max-video-preview:-1"},"og_locale":"de_DE","og_type":"article","og_title":"P\u0142atno\u015bci - Fenix Vital","og_description":"P\u0142atno\u015bci Dost\u0119pne metody p\u0142atno\u015bci W sklepie internetowym FenixVital.com oferujemy bezpieczne i wygodne metody p\u0142atno\u015bci: Bezpiecze\u0144stwo transakcji Potwierdzenie p\u0142atno\u015bci Po dokonaniu p\u0142atno\u015bci Klient otrzyma automatyczne potwierdzenie e-mailowe. W przypadku p\u0142atno\u015bci tradycyjnym przelewem, zaksi\u0119gowanie mo\u017ce zaj\u0105\u0107 od 1 do 2 dni roboczych.","og_url":"https:\/\/fenixvital.com\/de\/platnosci\/","og_site_name":"Fenix Vital","article_modified_time":"2026-02-27T13:46:09+00:00","twitter_card":"summary_large_image","twitter_misc":{"Gesch\u00e4tzte Lesezeit":"1\u00a0Minute"},"schema":{"@context":"https:\/\/schema.org","@graph":[{"@type":"WebPage","@id":"https:\/\/fenixvital.com\/platnosci\/","url":"https:\/\/fenixvital.com\/platnosci\/","name":"P\u0142atno\u015bci - Fenix Vital","isPartOf":{"@id":"https:\/\/fenixvital.com\/#website"},"datePublished":"2025-06-15T11:52:58+00:00","dateModified":"2026-02-27T13:46:09+00:00","breadcrumb":{"@id":"https:\/\/fenixvital.com\/platnosci\/#breadcrumb"},"inLanguage":"de","potentialAction":[{"@type":"ReadAction","target":["https:\/\/fenixvital.com\/platnosci\/"]}]},{"@type":"BreadcrumbList","@id":"https:\/\/fenixvital.com\/platnosci\/#breadcrumb","itemListElement":[{"@type":"ListItem","position":1,"name":"Fenix Vital","item":"https:\/\/fenixvital.com\/"},{"@type":"ListItem","position":2,"name":"P\u0142atno\u015bci"}]},{"@type":"WebSite","@id":"https:\/\/fenixvital.com\/#website","url":"https:\/\/fenixvital.com\/","name":"Fenix Vital","description":"Sumplementy dla wymagaj\u0105cych","publisher":{"@id":"https:\/\/fenixvital.com\/#organization"},"potentialAction":[{"@type":"SearchAction","target":{"@type":"EntryPoint","urlTemplate":"https:\/\/fenixvital.com\/?s={search_term_string}"},"query-input":{"@type":"PropertyValueSpecification","valueRequired":true,"valueName":"search_term_string"}}],"inLanguage":"de"},{"@type":"Organization","@id":"https:\/\/fenixvital.com\/#organization","name":"Fenix Vital","url":"https:\/\/fenixvital.com\/","logo":{"@type":"ImageObject","inLanguage":"de","@id":"https:\/\/fenixvital.com\/#\/schema\/logo\/image\/","url":"https:\/\/fenixvital.com\/wp-content\/uploads\/2025\/06\/Logo-zlote-1.png","contentUrl":"https:\/\/fenixvital.com\/wp-content\/uploads\/2025\/06\/Logo-zlote-1.png","width":1028,"height":547,"caption":"Fenix Vital"},"image":{"@id":"https:\/\/fenixvital.com\/#\/schema\/logo\/image\/"}}]}},"_links":{"self":[{"href":"https:\/\/fenixvital.com\/de\/wp-json\/wp\/v2\/pages\/782","targetHints":{"allow":["GET"]}}],"collection":[{"href":"https:\/\/fenixvital.com\/de\/wp-json\/wp\/v2\/pages"}],"about":[{"href":"https:\/\/fenixvital.com\/de\/wp-json\/wp\/v2\/types\/page"}],"author":[{"embeddable":true,"href":"https:\/\/fenixvital.com\/de\/wp-json\/wp\/v2\/users\/4"}],"replies":[{"embeddable":true,"href":"https:\/\/fenixvital.com\/de\/wp-json\/wp\/v2\/comments?post=782"}],"version-history":[{"count":5,"href":"https:\/\/fenixvital.com\/de\/wp-json\/wp\/v2\/pages\/782\/revisions"}],"predecessor-version":[{"id":8596,"href":"https:\/\/fenixvital.com\/de\/wp-json\/wp\/v2\/pages\/782\/revisions\/8596"}],"wp:attachment":[{"href":"https:\/\/fenixvital.com\/de\/wp-json\/wp\/v2\/media?parent=782"}],"curies":[{"name":"wp","href":"https:\/\/api.w.org\/{rel}","templated":true}]}}